{"id":16461,"date":"2023-05-30T14:32:04","date_gmt":"2023-05-30T14:32:04","guid":{"rendered":"https:\/\/website.insoltub.com\/?page_id=16461"},"modified":"2023-08-21T14:49:56","modified_gmt":"2023-08-21T14:49:56","slug":"industria","status":"publish","type":"page","link":"https:\/\/website.insoltub.com\/en\/industry\/","title":{"rendered":"Industry"},"content":{"rendered":"<div data-elementor-type=\"wp-page\" data-elementor-id=\"16461\" class=\"elementor elementor-16461\">\n\t\t\t\t\t\t<div class=\"elementor-inner\">\n\t\t\t\t<div class=\"elementor-section-wrap\">\n\t\t\t\t\t\t\t\t\t<section class=\"elementor-section elementor-top-section elementor-element elementor-element-bfecd03 elementor-section-full_width elementor-section-stretched elementor-section-height-default elementor-section-height-default\" data-id=\"bfecd03\" data-element_type=\"section\" data-settings=\"{&quot;stretch_section&quot;:&quot;section-stretched&quot;,&quot;background_background&quot;:&quot;classic&quot;}\">\n\t\t\t\t\t\t<div class=\"elementor-container elementor-column-gap-no\">\n\t\t\t\t\t\t\t<div class=\"elementor-row\">\n\t\t\t\t\t<div class=\"elementor-column elementor-col-100 elementor-top-column elementor-element elementor-element-fff7267\" data-id=\"fff7267\" data-element_type=\"column\">\n\t\t\t<div class=\"elementor-column-wrap elementor-element-populated\">\n\t\t\t\t\t\t\t<div class=\"elementor-widget-wrap\">\n\t\t\t\t\t\t<div class=\"elementor-element elementor-element-18f12e5 elementor-widget__width-initial elementor-absolute elementor-hidden-laptop elementor-hidden-tablet_extra elementor-hidden-tablet elementor-hidden-mobile_extra elementor-hidden-mobile elementor-widget elementor-widget-text-editor\" data-id=\"18f12e5\" data-element_type=\"widget\" data-settings=\"{&quot;_position&quot;:&quot;absolute&quot;}\" data-widget_type=\"text-editor.default\">\n\t\t\t\t<div class=\"elementor-widget-container\">\n\t\t\t\t\t\t\t\t<div class=\"elementor-text-editor elementor-clearfix\">\n\t\t\t\t\t\t\t\t\t<\/div>\n\t\t\t\t\t\t<\/div>\n\t\t\t\t<\/div>\n\t\t\t\t<div class=\"elementor-element elementor-element-82c5748 elementor-absolute elementor-hidden-laptop elementor-hidden-tablet_extra elementor-hidden-tablet elementor-hidden-mobile_extra elementor-hidden-mobile decoration-type-1 elementor-widget elementor-widget-industrium_decoration\" data-id=\"82c5748\" data-element_type=\"widget\" data-settings=\"{&quot;_position&quot;:&quot;absolute&quot;}\" data-widget_type=\"industrium_decoration.default\">\n\t\t\t\t<div class=\"elementor-widget-container\">\n\t\t\t        <div class=\"decoration-widget\">\n            <div class=\"decoration-container\">\n                <div class=\"industrium-decoration\">\n                    <div><\/div><div><\/div><div><\/div>\n                <\/div>\n            <\/div>\n        <\/div>\n        \t\t<\/div>\n\t\t\t\t<\/div>\n\t\t\t\t<section class=\"elementor-section elementor-inner-section elementor-element elementor-element-c0b9d64 elementor-section-boxed elementor-section-height-default elementor-section-height-default\" data-id=\"c0b9d64\" data-element_type=\"section\">\n\t\t\t\t\t\t<div class=\"elementor-container elementor-column-gap-wide\">\n\t\t\t\t\t\t\t<div class=\"elementor-row\">\n\t\t\t\t\t<div class=\"elementor-column elementor-col-50 elementor-inner-column elementor-element elementor-element-4d11355\" data-id=\"4d11355\" data-element_type=\"column\">\n\t\t\t<div class=\"elementor-column-wrap elementor-element-populated\">\n\t\t\t\t\t\t\t<div class=\"elementor-widget-wrap\">\n\t\t\t\t\t\t<div class=\"elementor-element elementor-element-f5439b3 elementor-widget elementor-widget-industrium_heading\" data-id=\"f5439b3\" data-element_type=\"widget\" data-widget_type=\"industrium_heading.default\">\n\t\t\t\t<div class=\"elementor-widget-container\">\n\t\t\t<div class=\"industrium-heading-widget\"><h2 class=\"industrium-heading\"><span class=\"industrium-subheading\">Services<\/span><span class=\"industrium-heading-content\">Industry\u00a0<\/span><\/h2><\/div>\t\t<\/div>\n\t\t\t\t<\/div>\n\t\t\t\t\t\t<\/div>\n\t\t\t\t\t<\/div>\n\t\t<\/div>\n\t\t\t\t<div class=\"elementor-column elementor-col-50 elementor-inner-column elementor-element elementor-element-14e0b78\" data-id=\"14e0b78\" data-element_type=\"column\">\n\t\t\t<div class=\"elementor-column-wrap elementor-element-populated\">\n\t\t\t\t\t\t\t<div class=\"elementor-widget-wrap\">\n\t\t\t\t\t\t<div class=\"elementor-element elementor-element-41268db elementor-widget elementor-widget-text-editor\" data-id=\"41268db\" data-element_type=\"widget\" data-widget_type=\"text-editor.default\">\n\t\t\t\t<div class=\"elementor-widget-container\">\n\t\t\t\t\t\t\t\t<div class=\"elementor-text-editor elementor-clearfix\">\n\t\t\t\t<p>Insoltub is a versatile company that operates in various industrial sectors, including petrochemical, food, pharmaceutical, naval and others. Our experience covers a wide range of industries, allowing us to provide customized and efficient solutions in every project.\u00a0<\/p>\t\t\t\t\t<\/div>\n\t\t\t\t\t\t<\/div>\n\t\t\t\t<\/div>\n\t\t\t\t<div class=\"elementor-element elementor-element-79ed807 elementor-widget elementor-widget-text-editor\" data-id=\"79ed807\" data-element_type=\"widget\" data-widget_type=\"text-editor.default\">\n\t\t\t\t<div class=\"elementor-widget-container\">\n\t\t\t\t\t\t\t\t<div class=\"elementor-text-editor elementor-clearfix\">\n\t\t\t\t<p>We work in close collaboration with our clients, offering crucial know-how in budget structuring and on-site activity organization. Our goal is to ensure a high-quality service, meeting the specific needs of each sector in which we are involved.<\/p>\t\t\t\t\t<\/div>\n\t\t\t\t\t\t<\/div>\n\t\t\t\t<\/div>\n\t\t\t\t\t\t<\/div>\n\t\t\t\t\t<\/div>\n\t\t<\/div>\n\t\t\t\t\t\t\t\t<\/div>\n\t\t\t\t\t<\/div>\n\t\t<\/section>\n\t\t\t\t\t\t<\/div>\n\t\t\t\t\t<\/div>\n\t\t<\/div>\n\t\t\t\t\t\t\t\t<\/div>\n\t\t\t\t\t<\/div>\n\t\t<\/section>\n\t\t\t\t<section class=\"elementor-section elementor-top-section elementor-element elementor-element-a319257 elementor-section-boxed elementor-section-height-default elementor-section-height-default\" data-id=\"a319257\" data-element_type=\"section\">\n\t\t\t\t\t\t<div class=\"elementor-container elementor-column-gap-default\">\n\t\t\t\t\t\t\t<div class=\"elementor-row\">\n\t\t\t\t\t<div class=\"elementor-column elementor-col-100 elementor-top-column elementor-element elementor-element-7c74e84\" data-id=\"7c74e84\" data-element_type=\"column\">\n\t\t\t<div class=\"elementor-column-wrap elementor-element-populated\">\n\t\t\t\t\t\t\t<div class=\"elementor-widget-wrap\">\n\t\t\t\t\t\t<div class=\"elementor-element elementor-element-b22d22d elementor-widget elementor-widget-industrium_heading\" data-id=\"b22d22d\" data-element_type=\"widget\" data-widget_type=\"industrium_heading.default\">\n\t\t\t\t<div class=\"elementor-widget-container\">\n\t\t\t<div class=\"industrium-heading-widget\"><h2 class=\"industrium-heading\"><span class=\"industrium-subheading\">Customers<\/span><span class=\"industrium-heading-content\">Our Clients<\/span><\/h2><\/div>\t\t<\/div>\n\t\t\t\t<\/div>\n\t\t\t\t<section class=\"elementor-section elementor-inner-section elementor-element elementor-element-7901b36 elementor-section-content-middle elementor-section-boxed elementor-section-height-default elementor-section-height-default\" data-id=\"7901b36\" data-element_type=\"section\">\n\t\t\t\t\t\t<div class=\"elementor-container elementor-column-gap-wide\">\n\t\t\t\t\t\t\t<div class=\"elementor-row\">\n\t\t\t\t\t<div class=\"elementor-column elementor-col-100 elementor-inner-column elementor-element elementor-element-3aa493e\" data-id=\"3aa493e\" data-element_type=\"column\">\n\t\t\t<div class=\"elementor-column-wrap elementor-element-populated\">\n\t\t\t\t\t\t\t<div class=\"elementor-widget-wrap\">\n\t\t\t\t\t\t<div class=\"elementor-element elementor-element-75fbfe6 view-type-1 title-alignment-left elementor-align-items-center elementor-widget elementor-widget-industrium_image_carousel\" data-id=\"75fbfe6\" data-element_type=\"widget\" data-widget_type=\"industrium_image_carousel.default\">\n\t\t\t\t<div class=\"elementor-widget-container\">\n\t\t\t\n        <div class=\"industrium-image-slider-widget\">\n\n                        <div class=\"slider-wrapper\">\n                                <div class=\"slider-container\">\n                    <div class=\"image-carousel owl-carousel owl-theme\" data-slider-options=\"{&quot;items&quot;:6,&quot;nav&quot;:false,&quot;dots&quot;:true,&quot;dotsContainer&quot;:&quot;.owl-dots-75fbfe6&quot;,&quot;dotsContainerMobile&quot;:&quot;.owl-dots-75fbfe6&quot;,&quot;autoplayHoverPause&quot;:true,&quot;autoplay&quot;:false,&quot;autoplaySpeed&quot;:300,&quot;autoplayTimeout&quot;:5000,&quot;loop&quot;:true,&quot;speed&quot;:500}\">\n                        <div class=\"slider-item\"><div class=\"slider-item-inner\"><div class=\"slider-item-media\"><img loading=\"lazy\" decoding=\"async\" width=\"1748\" height=\"426\" src=\"https:\/\/website.insoltub.com\/wp-content\/uploads\/2023\/08\/Carbonell-Ficgueras.png\" class=\"attachment-full size-full wp-image-17714\" alt=\"\" srcset=\"https:\/\/website.insoltub.com\/wp-content\/uploads\/2023\/08\/Carbonell-Ficgueras.png 1748w, https:\/\/website.insoltub.com\/wp-content\/uploads\/2023\/08\/Carbonell-Ficgueras-300x73.png 300w, https:\/\/website.insoltub.com\/wp-content\/uploads\/2023\/08\/Carbonell-Ficgueras-1024x250.png 1024w, https:\/\/website.insoltub.com\/wp-content\/uploads\/2023\/08\/Carbonell-Ficgueras-768x187.png 768w, https:\/\/website.insoltub.com\/wp-content\/uploads\/2023\/08\/Carbonell-Ficgueras-1536x374.png 1536w, https:\/\/website.insoltub.com\/wp-content\/uploads\/2023\/08\/Carbonell-Ficgueras-18x4.png 18w, https:\/\/website.insoltub.com\/wp-content\/uploads\/2023\/08\/Carbonell-Ficgueras-600x146.png 600w\" sizes=\"auto, (max-width: 1748px) 100vw, 1748px\" \/><\/div><\/div><\/div><div class=\"slider-item\"><div class=\"slider-item-inner\"><div class=\"slider-item-media\"><img loading=\"lazy\" decoding=\"async\" width=\"4096\" height=\"4096\" src=\"https:\/\/website.insoltub.com\/wp-content\/uploads\/2023\/05\/engie-logo-0.png\" class=\"attachment-full size-full wp-image-16223\" alt=\"\" srcset=\"https:\/\/website.insoltub.com\/wp-content\/uploads\/2023\/05\/engie-logo-0.png 4096w, https:\/\/website.insoltub.com\/wp-content\/uploads\/2023\/05\/engie-logo-0-300x300.png 300w, https:\/\/website.insoltub.com\/wp-content\/uploads\/2023\/05\/engie-logo-0-1024x1024.png 1024w, https:\/\/website.insoltub.com\/wp-content\/uploads\/2023\/05\/engie-logo-0-150x150.png 150w, https:\/\/website.insoltub.com\/wp-content\/uploads\/2023\/05\/engie-logo-0-768x768.png 768w, https:\/\/website.insoltub.com\/wp-content\/uploads\/2023\/05\/engie-logo-0-1536x1536.png 1536w, https:\/\/website.insoltub.com\/wp-content\/uploads\/2023\/05\/engie-logo-0-2048x2048.png 2048w, https:\/\/website.insoltub.com\/wp-content\/uploads\/2023\/05\/engie-logo-0-600x600.png 600w\" sizes=\"auto, (max-width: 4096px) 100vw, 4096px\" \/><\/div><\/div><\/div><div class=\"slider-item\"><div class=\"slider-item-inner\"><div class=\"slider-item-media\"><img loading=\"lazy\" decoding=\"async\" width=\"604\" height=\"202\" src=\"https:\/\/website.insoltub.com\/wp-content\/uploads\/2023\/08\/Construbel.png\" class=\"attachment-full size-full wp-image-17715\" alt=\"\" srcset=\"https:\/\/website.insoltub.com\/wp-content\/uploads\/2023\/08\/Construbel.png 604w, https:\/\/website.insoltub.com\/wp-content\/uploads\/2023\/08\/Construbel-300x100.png 300w, https:\/\/website.insoltub.com\/wp-content\/uploads\/2023\/08\/Construbel-18x6.png 18w, https:\/\/website.insoltub.com\/wp-content\/uploads\/2023\/08\/Construbel-600x201.png 600w\" sizes=\"auto, (max-width: 604px) 100vw, 604px\" \/><\/div><\/div><\/div><div class=\"slider-item\"><div class=\"slider-item-inner\"><div class=\"slider-item-media\"><img loading=\"lazy\" decoding=\"async\" width=\"461\" height=\"150\" src=\"https:\/\/website.insoltub.com\/wp-content\/uploads\/2023\/08\/esmal.png\" class=\"attachment-full size-full wp-image-17716\" alt=\"\" srcset=\"https:\/\/website.insoltub.com\/wp-content\/uploads\/2023\/08\/esmal.png 461w, https:\/\/website.insoltub.com\/wp-content\/uploads\/2023\/08\/esmal-300x98.png 300w, https:\/\/website.insoltub.com\/wp-content\/uploads\/2023\/08\/esmal-18x6.png 18w\" sizes=\"auto, (max-width: 461px) 100vw, 461px\" \/><\/div><\/div><\/div><div class=\"slider-item\"><div class=\"slider-item-inner\"><div class=\"slider-item-media\"><img loading=\"lazy\" decoding=\"async\" width=\"642\" height=\"175\" src=\"https:\/\/website.insoltub.com\/wp-content\/uploads\/2023\/08\/Jorma.png\" class=\"attachment-full size-full wp-image-17717\" alt=\"\" srcset=\"https:\/\/website.insoltub.com\/wp-content\/uploads\/2023\/08\/Jorma.png 642w, https:\/\/website.insoltub.com\/wp-content\/uploads\/2023\/08\/Jorma-300x82.png 300w, https:\/\/website.insoltub.com\/wp-content\/uploads\/2023\/08\/Jorma-18x5.png 18w, https:\/\/website.insoltub.com\/wp-content\/uploads\/2023\/08\/Jorma-640x175.png 640w, https:\/\/website.insoltub.com\/wp-content\/uploads\/2023\/08\/Jorma-600x164.png 600w\" sizes=\"auto, (max-width: 642px) 100vw, 642px\" \/><\/div><\/div><\/div><div class=\"slider-item\"><div class=\"slider-item-inner\"><div class=\"slider-item-media\"><img loading=\"lazy\" decoding=\"async\" width=\"1024\" height=\"437\" src=\"https:\/\/website.insoltub.com\/wp-content\/uploads\/2023\/08\/logo.png\" class=\"attachment-full size-full wp-image-17718\" alt=\"\" srcset=\"https:\/\/website.insoltub.com\/wp-content\/uploads\/2023\/08\/logo.png 1024w, https:\/\/website.insoltub.com\/wp-content\/uploads\/2023\/08\/logo-300x128.png 300w, https:\/\/website.insoltub.com\/wp-content\/uploads\/2023\/08\/logo-768x328.png 768w, https:\/\/website.insoltub.com\/wp-content\/uploads\/2023\/08\/logo-18x8.png 18w, https:\/\/website.insoltub.com\/wp-content\/uploads\/2023\/08\/logo-600x256.png 600w\" sizes=\"auto, (max-width: 1024px) 100vw, 1024px\" \/><\/div><\/div><\/div><div class=\"slider-item\"><div class=\"slider-item-inner\"><div class=\"slider-item-media\"><img loading=\"lazy\" decoding=\"async\" width=\"243\" height=\"150\" src=\"https:\/\/website.insoltub.com\/wp-content\/uploads\/2023\/08\/MeivCore.png\" class=\"attachment-full size-full wp-image-17719\" alt=\"\" srcset=\"https:\/\/website.insoltub.com\/wp-content\/uploads\/2023\/08\/MeivCore.png 243w, https:\/\/website.insoltub.com\/wp-content\/uploads\/2023\/08\/MeivCore-18x12.png 18w\" sizes=\"auto, (max-width: 243px) 100vw, 243px\" \/><\/div><\/div><\/div><div class=\"slider-item\"><div class=\"slider-item-inner\"><div class=\"slider-item-media\"><img loading=\"lazy\" decoding=\"async\" width=\"666\" height=\"375\" src=\"https:\/\/website.insoltub.com\/wp-content\/uploads\/2023\/08\/Unifluidos.png\" class=\"attachment-full size-full wp-image-17720\" alt=\"\" srcset=\"https:\/\/website.insoltub.com\/wp-content\/uploads\/2023\/08\/Unifluidos.png 666w, https:\/\/website.insoltub.com\/wp-content\/uploads\/2023\/08\/Unifluidos-300x169.png 300w, https:\/\/website.insoltub.com\/wp-content\/uploads\/2023\/08\/Unifluidos-18x10.png 18w, https:\/\/website.insoltub.com\/wp-content\/uploads\/2023\/08\/Unifluidos-600x338.png 600w\" sizes=\"auto, (max-width: 666px) 100vw, 666px\" \/><\/div><\/div><\/div><div class=\"slider-item\"><div class=\"slider-item-inner\"><div class=\"slider-item-media\"><img loading=\"lazy\" decoding=\"async\" width=\"300\" height=\"79\" src=\"https:\/\/website.insoltub.com\/wp-content\/uploads\/2023\/08\/logo-mecwide-300x79-1.png\" class=\"attachment-full size-full wp-image-17725\" alt=\"\" srcset=\"https:\/\/website.insoltub.com\/wp-content\/uploads\/2023\/08\/logo-mecwide-300x79-1.png 300w, https:\/\/website.insoltub.com\/wp-content\/uploads\/2023\/08\/logo-mecwide-300x79-1-18x5.png 18w\" sizes=\"auto, (max-width: 300px) 100vw, 300px\" \/><\/div><\/div><\/div><div class=\"slider-item\"><div class=\"slider-item-inner\"><div class=\"slider-item-media\"><img loading=\"lazy\" decoding=\"async\" width=\"4561\" height=\"984\" src=\"https:\/\/website.insoltub.com\/wp-content\/uploads\/2023\/08\/R.png\" class=\"attachment-full size-full wp-image-17730\" alt=\"\" srcset=\"https:\/\/website.insoltub.com\/wp-content\/uploads\/2023\/08\/R.png 4561w, https:\/\/website.insoltub.com\/wp-content\/uploads\/2023\/08\/R-300x65.png 300w, https:\/\/website.insoltub.com\/wp-content\/uploads\/2023\/08\/R-1024x221.png 1024w, https:\/\/website.insoltub.com\/wp-content\/uploads\/2023\/08\/R-768x166.png 768w, https:\/\/website.insoltub.com\/wp-content\/uploads\/2023\/08\/R-1536x331.png 1536w, https:\/\/website.insoltub.com\/wp-content\/uploads\/2023\/08\/R-2048x442.png 2048w, https:\/\/website.insoltub.com\/wp-content\/uploads\/2023\/08\/R-18x4.png 18w, https:\/\/website.insoltub.com\/wp-content\/uploads\/2023\/08\/R-600x129.png 600w\" sizes=\"auto, (max-width: 4561px) 100vw, 4561px\" \/><\/div><\/div><\/div>                    <\/div>\n                <\/div>\n            <\/div>\n\n            <div class=\"owl-dots owl-dots-75fbfe6\"><\/div>\n        <\/div>\n        \t\t<\/div>\n\t\t\t\t<\/div>\n\t\t\t\t\t\t<\/div>\n\t\t\t\t\t<\/div>\n\t\t<\/div>\n\t\t\t\t\t\t\t\t<\/div>\n\t\t\t\t\t<\/div>\n\t\t<\/section>\n\t\t\t\t\t\t<\/div>\n\t\t\t\t\t<\/div>\n\t\t<\/div>\n\t\t\t\t\t\t\t\t<\/div>\n\t\t\t\t\t<\/div>\n\t\t<\/section>\n\t\t\t\t\t\t\t\t\t<\/div>\n\t\t\t<\/div>\n\t\t\t\t\t<\/div>","protected":false},"excerpt":{"rendered":"<p>A Insoltub \u00e9 uma empresa vers\u00e1til que atua em diversos setores industriais, incluindo petroqu\u00edmica, alimentar, farmac\u00eautica, naval e outros. Nossa experi\u00eancia abrange uma ampla gama de ind\u00fastrias, permitindo-nos fornecer solu\u00e7\u00f5es personalizadas e eficientes em cada projeto. Trabalhamos em estreita colabora\u00e7\u00e3o com&#8230;<\/p>","protected":false},"author":1,"featured_media":0,"parent":0,"menu_order":0,"comment_status":"closed","ping_status":"closed","template":"","meta":{"footnotes":""},"class_list":["post-16461","page","type-page","status-publish","hentry"],"_links":{"self":[{"href":"https:\/\/website.insoltub.com\/en\/wp-json\/wp\/v2\/pages\/16461","targetHints":{"allow":["GET"]}}],"collection":[{"href":"https:\/\/website.insoltub.com\/en\/wp-json\/wp\/v2\/pages"}],"about":[{"href":"https:\/\/website.insoltub.com\/en\/wp-json\/wp\/v2\/types\/page"}],"author":[{"embeddable":true,"href":"https:\/\/website.insoltub.com\/en\/wp-json\/wp\/v2\/users\/1"}],"replies":[{"embeddable":true,"href":"https:\/\/website.insoltub.com\/en\/wp-json\/wp\/v2\/comments?post=16461"}],"version-history":[{"count":42,"href":"https:\/\/website.insoltub.com\/en\/wp-json\/wp\/v2\/pages\/16461\/revisions"}],"predecessor-version":[{"id":17830,"href":"https:\/\/website.insoltub.com\/en\/wp-json\/wp\/v2\/pages\/16461\/revisions\/17830"}],"wp:attachment":[{"href":"https:\/\/website.insoltub.com\/en\/wp-json\/wp\/v2\/media?parent=16461"}],"curies":[{"name":"wp","href":"https:\/\/api.w.org\/{rel}","templated":true}]}}